{"id":16598406,"date":"2023-06-09T13:04:13","date_gmt":"2023-06-09T11:04:13","guid":{"rendered":"https:\/\/pampampam.hu\/?page_id=16598406"},"modified":"2026-04-29T21:09:04","modified_gmt":"2026-04-29T19:09:04","slug":"contact","status":"publish","type":"page","link":"https:\/\/pampampam.hu\/de\/contact\/","title":{"rendered":"Kontakt"},"content":{"rendered":"<style>.kb-row-layout-id16598406_f99f05-aa > .kt-row-column-wrap{align-content:start;}:where(.kb-row-layout-id16598406_f99f05-aa > .kt-row-column-wrap) > .wp-block-kadence-column{justify-content:start;}.kb-row-layout-id16598406_f99f05-aa > .kt-row-column-wrap{column-gap:var(--global-kb-gap-md, 2rem);row-gap:var(--global-kb-gap-md, 2rem);padding-top:var(--global-kb-spacing-sm, 1.5rem);padding-bottom:var(--global-kb-spacing-sm, 1.5rem);grid-template-columns:minmax(0, 1fr);}.kb-row-layout-id16598406_f99f05-aa > .kt-row-layout-overlay{opacity:0.30;}@media all and (max-width: 1024px){.kb-row-layout-id16598406_f99f05-aa > .kt-row-column-wrap{grid-template-columns:minmax(0, 1fr);}}@media all and (max-width: 767px){.kb-row-layout-id16598406_f99f05-aa > .kt-row-column-wrap{grid-template-columns:minmax(0, 1fr);}}<\/style><div class=\"kb-row-layout-wrap kb-row-layout-id16598406_f99f05-aa alignnone narrow-content dark center wp-block-kadence-rowlayout\"><div class=\"kt-row-column-wrap kt-has-1-columns kt-row-layout-equal kt-tab-layout-inherit kt-mobile-layout-row kt-row-valign-top\">\n<style>.kadence-column16598406_0af678-ec > .kt-inside-inner-col,.kadence-column16598406_0af678-ec > .kt-inside-inner-col:before{border-top-left-radius:0px;border-top-right-radius:0px;border-bottom-right-radius:0px;border-bottom-left-radius:0px;}.kadence-column16598406_0af678-ec > .kt-inside-inner-col{column-gap:var(--global-kb-gap-sm, 1rem);}.kadence-column16598406_0af678-ec > .kt-inside-inner-col{flex-direction:column;}.kadence-column16598406_0af678-ec > .kt-inside-inner-col > .aligncenter{width:100%;}.kadence-column16598406_0af678-ec > .kt-inside-inner-col:before{opacity:0.3;}.kadence-column16598406_0af678-ec{position:relative;}@media all and (max-width: 1024px){.kadence-column16598406_0af678-ec > .kt-inside-inner-col{flex-direction:column;justify-content:center;}}@media all and (max-width: 767px){.kadence-column16598406_0af678-ec > .kt-inside-inner-col{flex-direction:column;justify-content:center;}}<\/style>\n<div class=\"wp-block-kadence-column kadence-column16598406_0af678-ec\"><div class=\"kt-inside-inner-col\"><style>.wp-block-kadence-advancedheading.kt-adv-heading16598406_39c65a-95, .wp-block-kadence-advancedheading.kt-adv-heading16598406_39c65a-95[data-kb-block=\"kb-adv-heading16598406_39c65a-95\"]{text-align:center;font-style:normal;}.wp-block-kadence-advancedheading.kt-adv-heading16598406_39c65a-95 mark.kt-highlight, .wp-block-kadence-advancedheading.kt-adv-heading16598406_39c65a-95[data-kb-block=\"kb-adv-heading16598406_39c65a-95\"] mark.kt-highlight{font-style:normal;color:#f76a0c;-webkit-box-decoration-break:clone;box-decoration-break:clone;padding-top:0px;padding-right:0px;padding-bottom:0px;padding-left:0px;}.wp-block-kadence-advancedheading.kt-adv-heading16598406_39c65a-95 img.kb-inline-image, .wp-block-kadence-advancedheading.kt-adv-heading16598406_39c65a-95[data-kb-block=\"kb-adv-heading16598406_39c65a-95\"] img.kb-inline-image{width:150px;vertical-align:baseline;}<\/style>\n<h1 class=\"kt-adv-heading16598406_39c65a-95 wp-block-kadence-advancedheading\" data-kb-block=\"kb-adv-heading16598406_39c65a-95\">Kapcsolat<\/h1>\n\n\n<style>.kb-image16598406_e8e2d0-97 .kb-image-has-overlay:after{opacity:0.3;}<\/style>\n<div class=\"wp-block-kadence-image kb-image16598406_e8e2d0-97\"><figure class=\"aligncenter size-full\"><img data-recalc-dims=\"1\" loading=\"lazy\" decoding=\"async\" width=\"381\" height=\"381\" data-attachment-id=\"16601311\" data-permalink=\"https:\/\/pampampam.hu\/de\/szin-forma-ertek-19\/\" data-orig-file=\"https:\/\/i0.wp.com\/pampampam.hu\/wp-content\/uploads\/2026\/04\/pampampam.hu_.-1.jpg?fit=381%2C381&amp;ssl=1\" data-orig-size=\"381,381\" data-comments-opened=\"0\" data-image-meta=\"{&quot;aperture&quot;:&quot;0&quot;,&quot;credit&quot;:&quot;Nora Marti Robi&quot;,&quot;camera&quot;:&quot;&quot;,&quot;caption&quot;:&quot;sz\\u00edn forma \\u00e9rt\\u00e9k&quot;,&quot;created_timestamp&quot;:&quot;0&quot;,&quot;copyright&quot;:&quot;&quot;,&quot;focal_length&quot;:&quot;0&quot;,&quot;iso&quot;:&quot;0&quot;,&quot;shutter_speed&quot;:&quot;0&quot;,&quot;title&quot;:&quot;sz\\u00edn forma \\u00e9rt\\u00e9k&quot;,&quot;orientation&quot;:&quot;1&quot;}\" data-image-title=\"N\u00f3ra=M\u00e1rti+Robi\" data-image-description=\"&lt;p&gt;N\u00f3ra=M\u00e1rti+Robi&lt;\/p&gt;\n\" data-image-caption=\"\" data-large-file=\"https:\/\/i0.wp.com\/pampampam.hu\/wp-content\/uploads\/2026\/04\/pampampam.hu_.-1.jpg?fit=381%2C381&amp;ssl=1\" src=\"https:\/\/i0.wp.com\/pampampam.hu\/wp-content\/uploads\/2026\/04\/pampampam.hu_.-1.jpg?resize=381%2C381&#038;ssl=1\" alt=\"N\u00f3ra=M\u00e1rti+Robi\" class=\"kb-img wp-image-16601311\" srcset=\"https:\/\/i0.wp.com\/pampampam.hu\/wp-content\/uploads\/2026\/04\/pampampam.hu_.-1.jpg?w=381&amp;ssl=1 381w, https:\/\/i0.wp.com\/pampampam.hu\/wp-content\/uploads\/2026\/04\/pampampam.hu_.-1.jpg?resize=300%2C300&amp;ssl=1 300w, https:\/\/i0.wp.com\/pampampam.hu\/wp-content\/uploads\/2026\/04\/pampampam.hu_.-1.jpg?resize=150%2C150&amp;ssl=1 150w, https:\/\/i0.wp.com\/pampampam.hu\/wp-content\/uploads\/2026\/04\/pampampam.hu_.-1.jpg?resize=12%2C12&amp;ssl=1 12w\" sizes=\"auto, (max-width: 381px) 100vw, 381px\" \/><\/figure><\/div>\n\n\n<style>.wp-block-kadence-advancedheading.kt-adv-heading16598406_e43478-84, .wp-block-kadence-advancedheading.kt-adv-heading16598406_e43478-84[data-kb-block=\"kb-adv-heading16598406_e43478-84\"]{text-align:center;font-style:normal;}.wp-block-kadence-advancedheading.kt-adv-heading16598406_e43478-84 mark.kt-highlight, .wp-block-kadence-advancedheading.kt-adv-heading16598406_e43478-84[data-kb-block=\"kb-adv-heading16598406_e43478-84\"] mark.kt-highlight{font-style:normal;color:#f76a0c;-webkit-box-decoration-break:clone;box-decoration-break:clone;padding-top:0px;padding-right:0px;padding-bottom:0px;padding-left:0px;}.wp-block-kadence-advancedheading.kt-adv-heading16598406_e43478-84 img.kb-inline-image, .wp-block-kadence-advancedheading.kt-adv-heading16598406_e43478-84[data-kb-block=\"kb-adv-heading16598406_e43478-84\"] img.kb-inline-image{width:150px;vertical-align:baseline;}<\/style>\n<h2 class=\"kt-adv-heading16598406_e43478-84 wp-block-kadence-advancedheading\" data-kb-block=\"kb-adv-heading16598406_e43478-84\">N\u00f3ra = M\u00e1rti + Robi<\/h2>\n\n\n\n<p class=\"has-text-align-center\">Egy korong a szalagra: egy d\u00f6nt\u00e9s. H\u00e1rom korong a szalagra: egy gondolat. Ezer gondolat a j\u00e1t\u00e9kban: egy gyermek, aki megtanult gondolkodni.<\/p>\n<\/div><\/div>\n\n<\/div><\/div>\n\n<style>.kb-row-layout-id16598406_b71f30-87 > .kt-row-column-wrap{align-content:start;}:where(.kb-row-layout-id16598406_b71f30-87 > .kt-row-column-wrap) > .wp-block-kadence-column{justify-content:start;}.kb-row-layout-id16598406_b71f30-87 > .kt-row-column-wrap{column-gap:var(--global-kb-gap-md, 2rem);row-gap:var(--global-kb-gap-md, 2rem);padding-top:var(--global-kb-spacing-sm, 1.5rem);padding-bottom:var(--global-kb-spacing-sm, 1.5rem);grid-template-columns:minmax(0, 1fr);}.kb-row-layout-id16598406_b71f30-87 > .kt-row-layout-overlay{opacity:0.30;}@media all and (max-width: 1024px){.kb-row-layout-id16598406_b71f30-87 > .kt-row-column-wrap{grid-template-columns:minmax(0, 1fr);}}@media all and (max-width: 767px){.kb-row-layout-id16598406_b71f30-87 > .kt-row-column-wrap{grid-template-columns:minmax(0, 1fr);}}<\/style><div class=\"kb-row-layout-wrap kb-row-layout-id16598406_b71f30-87 alignnone narrow-content grey center wp-block-kadence-rowlayout\"><div class=\"kt-row-column-wrap kt-has-1-columns kt-row-layout-equal kt-tab-layout-inherit kt-mobile-layout-row kt-row-valign-top\">\n<style>.kadence-column16598406_53a5a3-53 > .kt-inside-inner-col,.kadence-column16598406_53a5a3-53 > .kt-inside-inner-col:before{border-top-left-radius:0px;border-top-right-radius:0px;border-bottom-right-radius:0px;border-bottom-left-radius:0px;}.kadence-column16598406_53a5a3-53 > .kt-inside-inner-col{column-gap:var(--global-kb-gap-sm, 1rem);}.kadence-column16598406_53a5a3-53 > .kt-inside-inner-col{flex-direction:column;}.kadence-column16598406_53a5a3-53 > .kt-inside-inner-col > .aligncenter{width:100%;}.kadence-column16598406_53a5a3-53 > .kt-inside-inner-col:before{opacity:0.3;}.kadence-column16598406_53a5a3-53{position:relative;}@media all and (max-width: 1024px){.kadence-column16598406_53a5a3-53 > .kt-inside-inner-col{flex-direction:column;justify-content:center;}}@media all and (max-width: 767px){.kadence-column16598406_53a5a3-53 > .kt-inside-inner-col{flex-direction:column;justify-content:center;}}<\/style>\n<div class=\"wp-block-kadence-column kadence-column16598406_53a5a3-53\"><div class=\"kt-inside-inner-col\"><style>.wp-block-kadence-iconlist.kt-svg-icon-list-items16598406_4baf52-00:not(.this-stops-third-party-issues){margin-top:0px;margin-bottom:0px;}.wp-block-kadence-iconlist.kt-svg-icon-list-items16598406_4baf52-00 ul.kt-svg-icon-list:not(.this-prevents-issues):not(.this-stops-third-party-issues):not(.tijsloc){margin-top:0px;margin-right:0px;margin-bottom:var(--global-kb-spacing-sm, 1.5rem);margin-left:0px;}.wp-block-kadence-iconlist.kt-svg-icon-list-items16598406_4baf52-00 ul.kt-svg-icon-list{grid-row-gap:5px;}.wp-block-kadence-iconlist.kt-svg-icon-list-items16598406_4baf52-00 ul.kt-svg-icon-list .kt-svg-icon-list-item-wrap .kt-svg-icon-list-single{margin-right:10px;}.kt-svg-icon-list-items16598406_4baf52-00 ul.kt-svg-icon-list .kt-svg-icon-list-level-0 .kt-svg-icon-list-single svg{font-size:20px;}<\/style>\n<div class=\"wp-block-kadence-iconlist kt-svg-icon-list-items kt-svg-icon-list-items16598406_4baf52-00 kt-svg-icon-list-columns-1 alignnone\"><ul class=\"kt-svg-icon-list\"><style>.kt-svg-icon-list-item-16598406_2c7006-7f .kt-svg-icon-list-single{font-size:20px !important;color:#2d6a8e !important;}.kt-svg-icon-list-item-16598406_2c7006-7f .kt-svg-icon-list-text mark.kt-highlight{background-color:unset;font-style:normal;color:#f76a0c;-webkit-box-decoration-break:clone;box-decoration-break:clone;padding-top:0px;padding-right:0px;padding-bottom:0px;padding-left:0px;}<\/style>\n<li class=\"wp-block-kadence-listitem kt-svg-icon-list-item-wrap kt-svg-icon-list-item-16598406_2c7006-7f\"><span class=\"kb-svg-icon-wrap kb-svg-icon-fa_facebook-n kt-svg-icon-list-single\"><svg viewBox=\"0 0 512 512\"  fill=\"currentColor\" xmlns=\"http:\/\/www.w3.org\/2000\/svg\"  aria-hidden=\"true\"><path d=\"M504 256C504 119 393 8 256 8S8 119 8 256c0 123.78 90.69 226.38 209.25 245V327.69h-63V256h63v-54.64c0-62.15 37-96.48 93.67-96.48 27.14 0 55.52 4.84 55.52 4.84v61h-31.28c-30.8 0-40.41 19.12-40.41 38.73V256h68.78l-11 71.69h-57.78V501C413.31 482.38 504 379.78 504 256z\"\/><\/svg><\/span><span class=\"kt-svg-icon-list-text\">Facebook: <a href=\"https:\/\/www.facebook.com\/pampampam.hu\" target=\"_blank\" rel=\"noreferrer noopener\">https:\/\/www.facebook.com\/pampampam.hu<\/a><\/span><\/li>\n\n\n<style>.kt-svg-icon-list-item-16598406_5184c7-42 .kt-svg-icon-list-single{font-size:20px !important;color:#2d6a8e !important;}.kt-svg-icon-list-item-16598406_5184c7-42 .kt-svg-icon-list-text mark.kt-highlight{background-color:unset;font-style:normal;color:#f76a0c;-webkit-box-decoration-break:clone;box-decoration-break:clone;padding-top:0px;padding-right:0px;padding-bottom:0px;padding-left:0px;}<\/style>\n<li class=\"wp-block-kadence-listitem kt-svg-icon-list-item-wrap kt-svg-icon-list-item-16598406_5184c7-42\"><span class=\"kb-svg-icon-wrap kb-svg-icon-fa_youtube kt-svg-icon-list-single\"><svg viewBox=\"0 0 576 512\"  fill=\"currentColor\" xmlns=\"http:\/\/www.w3.org\/2000\/svg\"  aria-hidden=\"true\"><path d=\"M549.655 124.083c-6.281-23.65-24.787-42.276-48.284-48.597C458.781 64 288 64 288 64S117.22 64 74.629 75.486c-23.497 6.322-42.003 24.947-48.284 48.597-11.412 42.867-11.412 132.305-11.412 132.305s0 89.438 11.412 132.305c6.281 23.65 24.787 41.5 48.284 47.821C117.22 448 288 448 288 448s170.78 0 213.371-11.486c23.497-6.321 42.003-24.171 48.284-47.821 11.412-42.867 11.412-132.305 11.412-132.305s0-89.438-11.412-132.305zm-317.51 213.508V175.185l142.739 81.205-142.739 81.201z\"\/><\/svg><\/span><span class=\"kt-svg-icon-list-text\">YouTube: <a href=\"https:\/\/www.youtube.com\/@pampampamhu\" target=\"_blank\" rel=\"noreferrer noopener\">https:\/\/www.youtube.com\/@pampampamhu<\/a><\/span><\/li>\n\n\n<style>.kt-svg-icon-list-item-16598406_d5c464-84 .kt-svg-icon-list-single{font-size:20px !important;color:#2d6a8e !important;}.kt-svg-icon-list-item-16598406_d5c464-84 .kt-svg-icon-list-text mark.kt-highlight{background-color:unset;font-style:normal;color:#f76a0c;-webkit-box-decoration-break:clone;box-decoration-break:clone;padding-top:0px;padding-right:0px;padding-bottom:0px;padding-left:0px;}<\/style>\n<li class=\"wp-block-kadence-listitem kt-svg-icon-list-item-wrap kt-svg-icon-list-item-16598406_d5c464-84\"><span class=\"kb-svg-icon-wrap kb-svg-icon-fas_chess-board kt-svg-icon-list-single\"><svg viewBox=\"0 0 512 512\"  fill=\"currentColor\" xmlns=\"http:\/\/www.w3.org\/2000\/svg\"  aria-hidden=\"true\"><path d=\"M256 256v64h-64v-64h64zm0-256h-64v64h64V0zm0 256h64v-64h-64v64zM384 0h-64v64h64V0zm0 512h64v-64h-64v64zm128-64v-64h-64v64h64zm-384 64h64v-64h-64v64zm0-512H64v64h64V0zm384 192v-64h-64v64h64zm0 128v-64h-64v64h64zM0 512h64v-64H0v64zM0 64v64h64V64H0zm0 128v64h64v-64H0zm0 128v64h64v-64H0zm256 192h64v-64h-64v64zm-64-128v64h64v-64h-64zm64-192v-64h-64v64h64zM64 384v64h64v-64H64zm64-128H64v64h64v-64zm256 128h64v-64h-64v64zM512 0h-64v64h64V0zM384 256h64v-64h-64v64zm0-192v64h64V64h-64zm-64 320v64h64v-64h-64zm-192-64v64h64v-64h-64zm128 0v64h64v-64h-64zm-64-128h-64v64h64v-64zm-64-64H64v64h64v-64zm192 192h64v-64h-64v64zM192 128V64h-64v64h64zm128 0V64h-64v64h64zm0 64h64v-64h-64v64z\"\/><\/svg><\/span><span class=\"kt-svg-icon-list-text\">Board Game Geek: <a href=\"https:\/\/boardgamegeek.com\/boardgame\/360511\/pam-pam-pam\" target=\"_blank\" rel=\"noreferrer noopener\">https:\/\/boardgamegeek.com\/boardgame\/360511\/pam-pam-pam<\/a><\/span><\/li>\n<\/ul><\/div>\n<\/div><\/div>\n\n<\/div><\/div>","protected":false},"excerpt":{"rendered":"<p>Kapcsolat N\u00f3ra = M\u00e1rti + Robi Egy korong a szalagra: egy d\u00f6nt\u00e9s. H\u00e1rom korong a szalagra: egy gondolat. Ezer gondolat a j\u00e1t\u00e9kban: egy gyermek, aki megtanult gondolkodni.<\/p>","protected":false},"author":206743866,"featured_media":0,"parent":0,"menu_order":0,"comment_status":"closed","ping_status":"closed","template":"","meta":{"_coblocks_attr":"","_coblocks_dimensions":"","_coblocks_responsive_height":"","_coblocks_accordion_ie_support":"","_kad_blocks_custom_css":"","_kad_blocks_head_custom_js":"","_kad_blocks_body_custom_js":"","_kad_blocks_footer_custom_js":"","_kadence_starter_templates_imported_post":false,"_kad_post_transparent":"","_kad_post_title":"","_kad_post_layout":"","_kad_post_sidebar_id":"","_kad_post_content_style":"","_kad_post_vertical_padding":"","_kad_post_feature":"","_kad_post_feature_position":"","_kad_post_header":false,"_kad_post_footer":false,"_kad_post_classname":"","footnotes":""},"class_list":["post-16598406","page","type-page","status-publish","hentry"],"taxonomy_info":[],"featured_image_src_large":false,"author_info":{"display_name":"Nora=Marti+Robi","author_link":"https:\/\/pampampam.hu\/de\/author\/martirobi\/"},"comment_info":0,"jetpack_likes_enabled":true,"jetpack_sharing_enabled":true,"jetpack_shortlink":"https:\/\/wp.me\/Pd7MUF-17E0e","jetpack-related-posts":[{"id":16601491,"url":"https:\/\/pampampam.hu\/de\/sablonok\/","url_meta":{"origin":16598406,"position":0},"title":"Sablonok","author":"Nora=Marti+Robi","date":"2026.04.24.","format":false,"excerpt":"K\u00e9szen \u00e1llsz? Sz\u00edn, forma, \u00e9rt\u00e9k.A korongok besz\u00e9lnek a gyermek helyett. A Pam Pam Pam egy inkluz\u00edv fejleszt\u0151 k\u00e1rtyaj\u00e1t\u00e9k-rendszer \u2014 \u00f3vod\u00e1st\u00f3l a nagysz\u00fcl\u0151ig. A felismer\u00e9st fizikai cselekv\u00e9s k\u00f6veti, a gondolkod\u00e1s k\u00e9zzel foghat\u00f3v\u00e1 v\u00e1lik. H\u00e1rom \u00edg\u00e9ret Egy tudatosan tervezett fejleszt\u0151 rendszer, amelynek minden eleme h\u00e1rom c\u00e9l k\u00f6r\u00e9 \u00e9p\u00fcl. L\u00e1that\u00f3 Gondolkod\u00e1sA fejleszt\u0151 a\u2026","rel":"","context":"\u00c4hnlicher Beitrag","block_context":{"text":"\u00c4hnlicher Beitrag","link":""},"img":{"alt_text":"Sablon-p\u00e9lda: Pam Pam Pam k\u00e1rtyalap","src":"https:\/\/i0.wp.com\/pampampam.hu\/wp-content\/uploads\/2026\/04\/3-N-3-kerettel-1024x582.png?resize=350%2C200&ssl=1","width":350,"height":200,"srcset":"https:\/\/i0.wp.com\/pampampam.hu\/wp-content\/uploads\/2026\/04\/3-N-3-kerettel-1024x582.png?resize=350%2C200&ssl=1 1x, https:\/\/i0.wp.com\/pampampam.hu\/wp-content\/uploads\/2026\/04\/3-N-3-kerettel-1024x582.png?resize=525%2C300&ssl=1 1.5x, https:\/\/i0.wp.com\/pampampam.hu\/wp-content\/uploads\/2026\/04\/3-N-3-kerettel-1024x582.png?resize=700%2C400&ssl=1 2x"},"classes":[]}],"_links":{"self":[{"href":"https:\/\/pampampam.hu\/de\/wp-json\/wp\/v2\/pages\/16598406","targetHints":{"allow":["GET"]}}],"collection":[{"href":"https:\/\/pampampam.hu\/de\/wp-json\/wp\/v2\/pages"}],"about":[{"href":"https:\/\/pampampam.hu\/de\/wp-json\/wp\/v2\/types\/page"}],"author":[{"embeddable":true,"href":"https:\/\/pampampam.hu\/de\/wp-json\/wp\/v2\/users\/206743866"}],"replies":[{"embeddable":true,"href":"https:\/\/pampampam.hu\/de\/wp-json\/wp\/v2\/comments?post=16598406"}],"version-history":[{"count":44,"href":"https:\/\/pampampam.hu\/de\/wp-json\/wp\/v2\/pages\/16598406\/revisions"}],"predecessor-version":[{"id":16602014,"href":"https:\/\/pampampam.hu\/de\/wp-json\/wp\/v2\/pages\/16598406\/revisions\/16602014"}],"wp:attachment":[{"href":"https:\/\/pampampam.hu\/de\/wp-json\/wp\/v2\/media?parent=16598406"}],"curies":[{"name":"wp","href":"https:\/\/api.w.org\/{rel}","templated":true}]}}