{"id":16600760,"date":"2025-12-10T15:52:15","date_gmt":"2025-12-10T14:52:15","guid":{"rendered":"https:\/\/pampampam.hu\/?page_id=16600760"},"modified":"2026-04-16T21:17:36","modified_gmt":"2026-04-16T19:17:36","slug":"universal-logic-game-common-language","status":"publish","type":"page","link":"https:\/\/pampampam.hu\/en\/univerzalis-logikai-jatek-kozos-nyelv\/","title":{"rendered":"Univerz\u00e1lis logikai j\u00e1t\u00e9k \u2013 k\u00f6z\u00f6s nyelv"},"content":{"rendered":"<style>.kb-row-layout-id16600760_dfb948-b4 > .kt-row-column-wrap{align-content:start;}:where(.kb-row-layout-id16600760_dfb948-b4 > .kt-row-column-wrap) > .wp-block-kadence-column{justify-content:start;}.kb-row-layout-id16600760_dfb948-b4 > .kt-row-column-wrap{column-gap:var(--global-kb-gap-md, 2rem);row-gap:var(--global-kb-gap-md, 2rem);max-width:1200px;margin-left:auto;margin-right:auto;padding-top:var(--global-kb-spacing-sm, 1.5rem);padding-bottom:var(--global-kb-spacing-sm, 1.5rem);grid-template-columns:minmax(0, 1fr);}.kb-row-layout-id16600760_dfb948-b4 > .kt-row-layout-overlay{opacity:0.30;}@media all and (max-width: 1024px){.kb-row-layout-id16600760_dfb948-b4 > .kt-row-column-wrap{grid-template-columns:minmax(0, 1fr);}}@media all and (max-width: 767px){.kb-row-layout-id16600760_dfb948-b4 > .kt-row-column-wrap{max-width:1019px;margin-left:auto;margin-right:auto;grid-template-columns:minmax(0, 1fr);}}<\/style><div class=\"kb-row-layout-wrap kb-row-layout-id16600760_dfb948-b4 alignnone wp-block-kadence-rowlayout\"><div class=\"kt-row-column-wrap kt-has-1-columns kt-row-layout-equal kt-tab-layout-inherit kt-mobile-layout-row kt-row-valign-top\">\n<style>.kadence-column16600760_b1c227-99 > .kt-inside-inner-col,.kadence-column16600760_b1c227-99 > .kt-inside-inner-col:before{border-top-left-radius:0px;border-top-right-radius:0px;border-bottom-right-radius:0px;border-bottom-left-radius:0px;}.kadence-column16600760_b1c227-99 > .kt-inside-inner-col{column-gap:var(--global-kb-gap-sm, 1rem);}.kadence-column16600760_b1c227-99 > .kt-inside-inner-col{flex-direction:column;}.kadence-column16600760_b1c227-99 > .kt-inside-inner-col > .aligncenter{width:100%;}.kadence-column16600760_b1c227-99 > .kt-inside-inner-col:before{opacity:0.3;}.kadence-column16600760_b1c227-99{position:relative;}@media all and (max-width: 1024px){.kadence-column16600760_b1c227-99 > .kt-inside-inner-col{flex-direction:column;justify-content:center;}}@media all and (max-width: 767px){.kadence-column16600760_b1c227-99 > .kt-inside-inner-col{flex-direction:column;justify-content:center;}}<\/style>\n<div class=\"wp-block-kadence-column kadence-column16600760_b1c227-99\"><div class=\"kt-inside-inner-col\"><style>.wp-block-kadence-advancedheading.kt-adv-heading16600760_37b8be-2f, .wp-block-kadence-advancedheading.kt-adv-heading16600760_37b8be-2f[data-kb-block=\"kb-adv-heading16600760_37b8be-2f\"]{max-width:1200px;font-style:normal;}.wp-block-kadence-advancedheading.kt-adv-heading16600760_37b8be-2f mark.kt-highlight, .wp-block-kadence-advancedheading.kt-adv-heading16600760_37b8be-2f[data-kb-block=\"kb-adv-heading16600760_37b8be-2f\"] mark.kt-highlight{font-style:normal;color:#f76a0c;-webkit-box-decoration-break:clone;box-decoration-break:clone;padding-top:0px;padding-right:0px;padding-bottom:0px;padding-left:0px;}.wp-block-kadence-advancedheading.kt-adv-heading16600760_37b8be-2f img.kb-inline-image, .wp-block-kadence-advancedheading.kt-adv-heading16600760_37b8be-2f[data-kb-block=\"kb-adv-heading16600760_37b8be-2f\"] img.kb-inline-image{width:150px;vertical-align:baseline;}<\/style>\n<h2 class=\"kt-adv-heading16600760_37b8be-2f wp-block-kadence-advancedheading\" data-kb-block=\"kb-adv-heading16600760_37b8be-2f\">Univerz\u00e1lis logikai j\u00e1t\u00e9k: Pam pam pam \u2013 A logika k\u00f6z\u00f6s nyelve<\/h2>\n\n\n<style>.wp-block-kadence-advancedheading.kt-adv-heading16600760_24d8eb-3d, .wp-block-kadence-advancedheading.kt-adv-heading16600760_24d8eb-3d[data-kb-block=\"kb-adv-heading16600760_24d8eb-3d\"]{font-style:normal;}.wp-block-kadence-advancedheading.kt-adv-heading16600760_24d8eb-3d mark.kt-highlight, .wp-block-kadence-advancedheading.kt-adv-heading16600760_24d8eb-3d[data-kb-block=\"kb-adv-heading16600760_24d8eb-3d\"] mark.kt-highlight{font-style:normal;color:#f76a0c;-webkit-box-decoration-break:clone;box-decoration-break:clone;padding-top:0px;padding-right:0px;padding-bottom:0px;padding-left:0px;}.wp-block-kadence-advancedheading.kt-adv-heading16600760_24d8eb-3d img.kb-inline-image, .wp-block-kadence-advancedheading.kt-adv-heading16600760_24d8eb-3d[data-kb-block=\"kb-adv-heading16600760_24d8eb-3d\"] img.kb-inline-image{width:150px;vertical-align:baseline;}<\/style>\n<p class=\"kt-adv-heading16600760_24d8eb-3d wp-block-kadence-advancedheading\" data-kb-block=\"kb-adv-heading16600760_24d8eb-3d\">K\u00e9pzelj\u00fcnk el egy nagy, vid\u00e1m asztalt, amelyet a vil\u00e1g minden t\u00e1j\u00e1r\u00f3l \u00e9rkez\u0151 gyermekek \u00fclnek k\u00f6r\u00fcl: egy amerikai, egy jap\u00e1n, egy kenyai, egy francia, egy indiai, egy brazil \u00e9s egy ausztr\u00e1l kisgyerek. B\u00e1r lehet, hogy az anyanyelv\u00fckben egyetlen k\u00f6z\u00f6s sz\u00f3t sem tal\u00e1ln\u00e1nak, \u00e9s kult\u00far\u00e1juk ezer sz\u00ednben k\u00fcl\u00f6nb\u00f6zik, a \u201ePam pam pam\u201d k\u00e1rty\u00e1it k\u00e9zbe v\u00e9ve a hat\u00e1rok azonnal leomlanak k\u00f6z\u00f6tt\u00fck.<\/p>\n\n\n<style>.wp-block-kadence-advancedheading.kt-adv-heading16600760_273a93-26, .wp-block-kadence-advancedheading.kt-adv-heading16600760_273a93-26[data-kb-block=\"kb-adv-heading16600760_273a93-26\"]{font-style:normal;}.wp-block-kadence-advancedheading.kt-adv-heading16600760_273a93-26 mark.kt-highlight, .wp-block-kadence-advancedheading.kt-adv-heading16600760_273a93-26[data-kb-block=\"kb-adv-heading16600760_273a93-26\"] mark.kt-highlight{font-style:normal;color:#f76a0c;-webkit-box-decoration-break:clone;box-decoration-break:clone;padding-top:0px;padding-right:0px;padding-bottom:0px;padding-left:0px;}.wp-block-kadence-advancedheading.kt-adv-heading16600760_273a93-26 img.kb-inline-image, .wp-block-kadence-advancedheading.kt-adv-heading16600760_273a93-26[data-kb-block=\"kb-adv-heading16600760_273a93-26\"] img.kb-inline-image{width:150px;vertical-align:baseline;}<\/style>\n<h2 class=\"kt-adv-heading16600760_273a93-26 wp-block-kadence-advancedheading\" data-kb-block=\"kb-adv-heading16600760_273a93-26\">A vizu\u00e1lis eszperant\u00f3<\/h2>\n\n\n<style>.wp-block-kadence-advancedheading.kt-adv-heading16600760_520bda-a0, .wp-block-kadence-advancedheading.kt-adv-heading16600760_520bda-a0[data-kb-block=\"kb-adv-heading16600760_520bda-a0\"]{font-style:normal;}.wp-block-kadence-advancedheading.kt-adv-heading16600760_520bda-a0 mark.kt-highlight, .wp-block-kadence-advancedheading.kt-adv-heading16600760_520bda-a0[data-kb-block=\"kb-adv-heading16600760_520bda-a0\"] mark.kt-highlight{font-style:normal;color:#f76a0c;-webkit-box-decoration-break:clone;box-decoration-break:clone;padding-top:0px;padding-right:0px;padding-bottom:0px;padding-left:0px;}.wp-block-kadence-advancedheading.kt-adv-heading16600760_520bda-a0 img.kb-inline-image, .wp-block-kadence-advancedheading.kt-adv-heading16600760_520bda-a0[data-kb-block=\"kb-adv-heading16600760_520bda-a0\"] img.kb-inline-image{width:150px;vertical-align:baseline;}<\/style>\n<p class=\"kt-adv-heading16600760_520bda-a0 wp-block-kadence-advancedheading\" data-kb-block=\"kb-adv-heading16600760_520bda-a0\">Ebben a var\u00e1zslatos t\u00e9rben ugyanis nem a szavak, hanem a szem\u00fcnk \u00e9s az agyunk leg\u0151sibb, egyetemes nyelve domin\u00e1l. Itt a kommunik\u00e1ci\u00f3 alapja az a pillanat, amikor a piros sz\u00edn ereje, a k\u00f6r t\u00f6k\u00e9letess\u00e9ge \u00e9s a h\u00e1rmas sz\u00e1m \u00e9rt\u00e9ke egyetlen, oszthatatlan egys\u00e9gg\u00e9 olvad \u00f6ssze.<\/p>\n\n\n<style>.wp-block-kadence-advancedheading.kt-adv-heading16600760_1c4e85-f1, .wp-block-kadence-advancedheading.kt-adv-heading16600760_1c4e85-f1[data-kb-block=\"kb-adv-heading16600760_1c4e85-f1\"]{font-style:normal;}.wp-block-kadence-advancedheading.kt-adv-heading16600760_1c4e85-f1 mark.kt-highlight, .wp-block-kadence-advancedheading.kt-adv-heading16600760_1c4e85-f1[data-kb-block=\"kb-adv-heading16600760_1c4e85-f1\"] mark.kt-highlight{font-style:normal;color:#f76a0c;-webkit-box-decoration-break:clone;box-decoration-break:clone;padding-top:0px;padding-right:0px;padding-bottom:0px;padding-left:0px;}.wp-block-kadence-advancedheading.kt-adv-heading16600760_1c4e85-f1 img.kb-inline-image, .wp-block-kadence-advancedheading.kt-adv-heading16600760_1c4e85-f1[data-kb-block=\"kb-adv-heading16600760_1c4e85-f1\"] img.kb-inline-image{width:150px;vertical-align:baseline;}<\/style>\n<p class=\"kt-adv-heading16600760_1c4e85-f1 wp-block-kadence-advancedheading\" data-kb-block=\"kb-adv-heading16600760_1c4e85-f1\">Ez a logikai egy\u00fctt\u00e1ll\u00e1s Toki\u00f3ban, Nairobiban, P\u00e1rizsban \u00e9s Budapesten is pontosan ugyanazt a biztos pontot jelenti. Ez a vizu\u00e1lis eszperant\u00f3 v\u00e1lik a gyerekek vid\u00e1m tolm\u00e1cs\u00e1v\u00e1, lehet\u0151v\u00e9 t\u00e9ve, hogy a nyelvi akad\u00e1lyok hely\u00e9t \u00e1tvegye a k\u00f6z\u00f6s j\u00e1t\u00e9k\u00f6r\u00f6m \u00e9s a felszabadult, cinkos nevet\u00e9s. \/<a href=\"https:\/\/hu.wikipedia.org\/wiki\/Eszperant%C3%B3_nyelv\" target=\"_blank\" rel=\"noreferrer noopener\">eszperant\u00f3<\/a>\/<\/p>\n\n\n<style>.wp-block-kadence-advancedheading.kt-adv-heading16600760_57173f-f8, .wp-block-kadence-advancedheading.kt-adv-heading16600760_57173f-f8[data-kb-block=\"kb-adv-heading16600760_57173f-f8\"]{font-style:normal;}.wp-block-kadence-advancedheading.kt-adv-heading16600760_57173f-f8 mark.kt-highlight, .wp-block-kadence-advancedheading.kt-adv-heading16600760_57173f-f8[data-kb-block=\"kb-adv-heading16600760_57173f-f8\"] mark.kt-highlight{font-style:normal;color:#f76a0c;-webkit-box-decoration-break:clone;box-decoration-break:clone;padding-top:0px;padding-right:0px;padding-bottom:0px;padding-left:0px;}.wp-block-kadence-advancedheading.kt-adv-heading16600760_57173f-f8 img.kb-inline-image, .wp-block-kadence-advancedheading.kt-adv-heading16600760_57173f-f8[data-kb-block=\"kb-adv-heading16600760_57173f-f8\"] img.kb-inline-image{width:150px;vertical-align:baseline;}<\/style>\n<p class=\"kt-adv-heading16600760_57173f-f8 wp-block-kadence-advancedheading\" data-kb-block=\"kb-adv-heading16600760_57173f-f8\">A j\u00e1t\u00e9kunk vil\u00e1ga a tiszta logik\u00e1ra \u00e9s a strukt\u00far\u00e1ra \u00e9p\u00fcl. Ahogy a neurodiverzit\u00e1s, \u00fagy a matematika \u00e9s a mintafelismer\u00e9s nyelve is nemzetk\u00f6zi \u00e9s hat\u00e1rok n\u00e9lk\u00fcli.<\/p>\n\n\n<style>.wp-block-kadence-advancedheading.kt-adv-heading16600760_2d4b83-e3, .wp-block-kadence-advancedheading.kt-adv-heading16600760_2d4b83-e3[data-kb-block=\"kb-adv-heading16600760_2d4b83-e3\"]{font-style:normal;}.wp-block-kadence-advancedheading.kt-adv-heading16600760_2d4b83-e3 mark.kt-highlight, .wp-block-kadence-advancedheading.kt-adv-heading16600760_2d4b83-e3[data-kb-block=\"kb-adv-heading16600760_2d4b83-e3\"] mark.kt-highlight{font-style:normal;color:#f76a0c;-webkit-box-decoration-break:clone;box-decoration-break:clone;padding-top:0px;padding-right:0px;padding-bottom:0px;padding-left:0px;}.wp-block-kadence-advancedheading.kt-adv-heading16600760_2d4b83-e3 img.kb-inline-image, .wp-block-kadence-advancedheading.kt-adv-heading16600760_2d4b83-e3[data-kb-block=\"kb-adv-heading16600760_2d4b83-e3\"] img.kb-inline-image{width:150px;vertical-align:baseline;}<\/style>\n<h2 class=\"kt-adv-heading16600760_2d4b83-e3 wp-block-kadence-advancedheading\" data-kb-block=\"kb-adv-heading16600760_2d4b83-e3\">A meg\u00e9rt\u00e9s h\u00eddja<\/h2>\n\n\n<style>.wp-block-kadence-advancedheading.kt-adv-heading16600760_6f70b0-be, .wp-block-kadence-advancedheading.kt-adv-heading16600760_6f70b0-be[data-kb-block=\"kb-adv-heading16600760_6f70b0-be\"]{font-style:normal;}.wp-block-kadence-advancedheading.kt-adv-heading16600760_6f70b0-be mark.kt-highlight, .wp-block-kadence-advancedheading.kt-adv-heading16600760_6f70b0-be[data-kb-block=\"kb-adv-heading16600760_6f70b0-be\"] mark.kt-highlight{font-style:normal;color:#f76a0c;-webkit-box-decoration-break:clone;box-decoration-break:clone;padding-top:0px;padding-right:0px;padding-bottom:0px;padding-left:0px;}.wp-block-kadence-advancedheading.kt-adv-heading16600760_6f70b0-be img.kb-inline-image, .wp-block-kadence-advancedheading.kt-adv-heading16600760_6f70b0-be[data-kb-block=\"kb-adv-heading16600760_6f70b0-be\"] img.kb-inline-image{width:150px;vertical-align:baseline;}<\/style>\n<p class=\"kt-adv-heading16600760_6f70b0-be wp-block-kadence-advancedheading\" data-kb-block=\"kb-adv-heading16600760_6f70b0-be\">Ha igaz\u00e1n megismerj\u00fck \u00e9s sz\u00edvvel \u00e9rtj\u00fck az autizmust, r\u00e1j\u00f6v\u00fcnk, hogy az is egy logikus, egyform\u00e1n \u00e9rtelmezhet\u0151 vil\u00e1g, tele a rend \u00e9s a kisz\u00e1m\u00edthat\u00f3s\u00e1g ir\u00e1nti v\u00e1ggyal. A \u201ePam pam pam\u201d pontosan ezt a biztons\u00e1gos, egy\u00e9rtelm\u0171 szab\u00e1lyokra \u00e9p\u00fcl\u0151 szigetet teremti meg, ahol nincsenek f\u00e9lre\u00e9rthet\u0151 szitu\u00e1ci\u00f3k, csak tiszta \u00f6sszef\u00fcgg\u00e9sek.<\/p>\n\n\n<style>.wp-block-kadence-advancedheading.kt-adv-heading16600760_f29340-24, .wp-block-kadence-advancedheading.kt-adv-heading16600760_f29340-24[data-kb-block=\"kb-adv-heading16600760_f29340-24\"]{font-style:normal;}.wp-block-kadence-advancedheading.kt-adv-heading16600760_f29340-24 mark.kt-highlight, .wp-block-kadence-advancedheading.kt-adv-heading16600760_f29340-24[data-kb-block=\"kb-adv-heading16600760_f29340-24\"] mark.kt-highlight{font-style:normal;color:#f76a0c;-webkit-box-decoration-break:clone;box-decoration-break:clone;padding-top:0px;padding-right:0px;padding-bottom:0px;padding-left:0px;}.wp-block-kadence-advancedheading.kt-adv-heading16600760_f29340-24 img.kb-inline-image, .wp-block-kadence-advancedheading.kt-adv-heading16600760_f29340-24[data-kb-block=\"kb-adv-heading16600760_f29340-24\"] img.kb-inline-image{width:150px;vertical-align:baseline;}<\/style>\n<p class=\"kt-adv-heading16600760_f29340-24 wp-block-kadence-advancedheading\" data-kb-block=\"kb-adv-heading16600760_f29340-24\">Ebben a k\u00f6zegben a rendszerez\u00e9s \u00e9s a mint\u00e1k szeretete v\u00e1lik a k\u00f6z\u00f6s nyelv\u00fcnkk\u00e9, amelyet az autista \u00e9s a neurotipikus elme egyar\u00e1nt foly\u00e9konyan besz\u00e9l.<\/p>\n\n\n<style>.wp-block-kadence-advancedheading.kt-adv-heading16600760_676361-40, .wp-block-kadence-advancedheading.kt-adv-heading16600760_676361-40[data-kb-block=\"kb-adv-heading16600760_676361-40\"]{font-style:normal;}.wp-block-kadence-advancedheading.kt-adv-heading16600760_676361-40 mark.kt-highlight, .wp-block-kadence-advancedheading.kt-adv-heading16600760_676361-40[data-kb-block=\"kb-adv-heading16600760_676361-40\"] mark.kt-highlight{font-style:normal;color:#f76a0c;-webkit-box-decoration-break:clone;box-decoration-break:clone;padding-top:0px;padding-right:0px;padding-bottom:0px;padding-left:0px;}.wp-block-kadence-advancedheading.kt-adv-heading16600760_676361-40 img.kb-inline-image, .wp-block-kadence-advancedheading.kt-adv-heading16600760_676361-40[data-kb-block=\"kb-adv-heading16600760_676361-40\"] img.kb-inline-image{width:150px;vertical-align:baseline;}<\/style>\n<p class=\"kt-adv-heading16600760_676361-40 wp-block-kadence-advancedheading\" data-kb-block=\"kb-adv-heading16600760_676361-40\">Amikor le\u00fcl\u00fcnk j\u00e1tszani, mindannyian bel\u00e9p\u00fcnk ebbe a f\u00f3kusz\u00e1lt \u00e1llapotba, ahol hirtelen elt\u0171nnek a k\u00fcl\u00f6nbs\u00e9gek, \u00e9s csak a megold\u00e1s k\u00f6z\u00f6s izgalma marad. \u00cdgy v\u00e1lik a j\u00e1t\u00e9k t\u00f6bb\u00e9 puszta sz\u00f3rakoz\u00e1sn\u00e1l: egy l\u00e1thatatlan h\u00eddd\u00e1, amely nemcsak t\u00e1voli kult\u00far\u00e1kat k\u00f6t \u00f6ssze, hanem k\u00fcl\u00f6nb\u00f6z\u0151 gondolkod\u00e1sm\u00f3dokat is harm\u00f3ni\u00e1ba hoz.<\/p>\n\n\n<style>.wp-block-kadence-advancedheading.kt-adv-heading16600760_5fae1e-ef, .wp-block-kadence-advancedheading.kt-adv-heading16600760_5fae1e-ef[data-kb-block=\"kb-adv-heading16600760_5fae1e-ef\"]{font-style:normal;}.wp-block-kadence-advancedheading.kt-adv-heading16600760_5fae1e-ef mark.kt-highlight, .wp-block-kadence-advancedheading.kt-adv-heading16600760_5fae1e-ef[data-kb-block=\"kb-adv-heading16600760_5fae1e-ef\"] mark.kt-highlight{font-style:normal;color:#f76a0c;-webkit-box-decoration-break:clone;box-decoration-break:clone;padding-top:0px;padding-right:0px;padding-bottom:0px;padding-left:0px;}.wp-block-kadence-advancedheading.kt-adv-heading16600760_5fae1e-ef img.kb-inline-image, .wp-block-kadence-advancedheading.kt-adv-heading16600760_5fae1e-ef[data-kb-block=\"kb-adv-heading16600760_5fae1e-ef\"] img.kb-inline-image{width:150px;vertical-align:baseline;}<\/style>\n<p class=\"kt-adv-heading16600760_5fae1e-ef wp-block-kadence-advancedheading\" data-kb-block=\"kb-adv-heading16600760_5fae1e-ef\">Egy indiai vagy egy francia gyermek mosolya ugyanazt a felismer\u00e9st t\u00fckr\u00f6zi, amit egy autista t\u00e1rsunk \u00e9rez, amikor a vil\u00e1g zaj\u00e1ban v\u00e9gre megtal\u00e1lja a megnyugtat\u00f3 rendet. A j\u00e1t\u00e9k asztal\u00e1n\u00e1l nincs sz\u00fcks\u00e9g sz\u00f3t\u00e1rra, hiszen a siker\u00e9lm\u00e9ny, az egym\u00e1sra figyel\u00e9s \u00e9s a kapcsol\u00f3d\u00e1s minden nyelven ugyan\u00fagy hangzik.<\/p>\n\n\n<style>.wp-block-kadence-advancedheading.kt-adv-heading16600760_9b83d8-89, .wp-block-kadence-advancedheading.kt-adv-heading16600760_9b83d8-89[data-kb-block=\"kb-adv-heading16600760_9b83d8-89\"]{font-style:normal;}.wp-block-kadence-advancedheading.kt-adv-heading16600760_9b83d8-89 mark.kt-highlight, .wp-block-kadence-advancedheading.kt-adv-heading16600760_9b83d8-89[data-kb-block=\"kb-adv-heading16600760_9b83d8-89\"] mark.kt-highlight{font-style:normal;color:#f76a0c;-webkit-box-decoration-break:clone;box-decoration-break:clone;padding-top:0px;padding-right:0px;padding-bottom:0px;padding-left:0px;}.wp-block-kadence-advancedheading.kt-adv-heading16600760_9b83d8-89 img.kb-inline-image, .wp-block-kadence-advancedheading.kt-adv-heading16600760_9b83d8-89[data-kb-block=\"kb-adv-heading16600760_9b83d8-89\"] img.kb-inline-image{width:150px;vertical-align:baseline;}<\/style>\n<p class=\"kt-adv-heading16600760_9b83d8-89 wp-block-kadence-advancedheading\" data-kb-block=\"kb-adv-heading16600760_9b83d8-89\">Ez a \u201ePam pam pam\u201d igazi \u00fczenete: megmutatja, hogy b\u00e1rhonnan is \u00e9rkezt\u00fcnk, \u00e9s b\u00e1rhogyan is huzalozta be az agyunkat a term\u00e9szet, a sz\u00edv\u00fcnk \u00e9s a logik\u00e1nk m\u00e9ly\u00e9n egyek vagyunk.<\/p>\n<\/div><\/div>\n\n<\/div><\/div>","protected":false},"excerpt":{"rendered":"<p>Univerz\u00e1lis logikai j\u00e1t\u00e9k: Pam pam pam \u2013 A logika k\u00f6z\u00f6s nyelve K\u00e9pzelj\u00fcnk el egy nagy, vid\u00e1m asztalt, amelyet a vil\u00e1g minden t\u00e1j\u00e1r\u00f3l \u00e9rkez\u0151 gyermekek \u00fclnek k\u00f6r\u00fcl: egy amerikai, egy jap\u00e1n, egy kenyai, egy francia, egy indiai, egy brazil \u00e9s egy ausztr\u00e1l kisgyerek. B\u00e1r lehet, hogy az anyanyelv\u00fckben egyetlen k\u00f6z\u00f6s sz\u00f3t sem tal\u00e1ln\u00e1nak, \u00e9s kult\u00far\u00e1juk ezer&#8230;<\/p>","protected":false},"author":206743866,"featured_media":0,"parent":0,"menu_order":0,"comment_status":"closed","ping_status":"closed","template":"","meta":{"_coblocks_attr":"","_coblocks_dimensions":"","_coblocks_responsive_height":"","_coblocks_accordion_ie_support":"","_kad_blocks_custom_css":"","_kad_blocks_head_custom_js":"","_kad_blocks_body_custom_js":"","_kad_blocks_footer_custom_js":"","_kadence_starter_templates_imported_post":false,"_kad_post_transparent":"","_kad_post_title":"","_kad_post_layout":"","_kad_post_sidebar_id":"","_kad_post_content_style":"","_kad_post_vertical_padding":"","_kad_post_feature":"","_kad_post_feature_position":"","_kad_post_header":false,"_kad_post_footer":false,"_kad_post_classname":"","footnotes":""},"class_list":["post-16600760","page","type-page","status-publish","hentry"],"taxonomy_info":[],"featured_image_src_large":false,"author_info":{"display_name":"Nora=Marti+Robi","author_link":"https:\/\/pampampam.hu\/en\/author\/martirobi\/"},"comment_info":0,"jetpack_likes_enabled":true,"jetpack_sharing_enabled":true,"jetpack_shortlink":"https:\/\/wp.me\/Pd7MUF-17ECc","jetpack-related-posts":[{"id":16597384,"url":"https:\/\/pampampam.hu\/en\/","url_meta":{"origin":16600760,"position":0},"title":"Home","author":"Nora=Marti+Robi","date":"2022.10.23.","format":false,"excerpt":"Sz\u00edn, forma, \u00e9rt\u00e9k.A korongok besz\u00e9lnek a gyermek helyett. A Pam Pam Pam egy inkluz\u00edv fejleszt\u0151 k\u00e1rtyaj\u00e1t\u00e9k-rendszer \u2014 \u00f3vod\u00e1st\u00f3l a nagysz\u00fcl\u0151ig. A felismer\u00e9st fizikai cselekv\u00e9s k\u00f6veti, a gondolkod\u00e1s k\u00e9zzel foghat\u00f3v\u00e1 v\u00e1lik. H\u00e1rom \u00edg\u00e9ret Egy tudatosan tervezett fejleszt\u0151 rendszer, amelynek minden eleme h\u00e1rom c\u00e9l k\u00f6r\u00e9 \u00e9p\u00fcl. L\u00e1that\u00f3 Gondolkod\u00e1sA fejleszt\u0151 a v\u00e1laszszalagra pillantva\u2026","rel":"","context":"Similar post","block_context":{"text":"Similar post","link":""},"img":{"alt_text":"","src":"https:\/\/i0.wp.com\/pampampam.hu\/wp-content\/uploads\/2026\/04\/Image00001-1.jpg?resize=350%2C200&ssl=1","width":350,"height":200,"srcset":"https:\/\/i0.wp.com\/pampampam.hu\/wp-content\/uploads\/2026\/04\/Image00001-1.jpg?resize=350%2C200&ssl=1 1x, https:\/\/i0.wp.com\/pampampam.hu\/wp-content\/uploads\/2026\/04\/Image00001-1.jpg?resize=525%2C300&ssl=1 1.5x, https:\/\/i0.wp.com\/pampampam.hu\/wp-content\/uploads\/2026\/04\/Image00001-1.jpg?resize=700%2C400&ssl=1 2x"},"classes":[]},{"id":16600859,"url":"https:\/\/pampampam.hu\/en\/autista-gyerekek-fejlesztese-csaladi-modszertan\/","url_meta":{"origin":16600760,"position":1},"title":"Autista gyermekek fejleszt\u00e9se &#8211; csal\u00e1di m\u00f3dszertan","author":"Nora=Marti+Robi","date":"2025.12.17.","format":false,"excerpt":"Autista gyermekek t\u00e1mogat\u00e1sa: Mi\u00e9rt alkottuk meg ezt a m\u00f3dszertant? Az autista gyerekek fejleszt\u00e9se sz\u00e1munkra nem csup\u00e1n szakma, hanem csal\u00e1di misszi\u00f3. Mi egy csapat vagyunk: M\u00e1rti \u00e9s Robi, f\u00e9rj \u00e9s feles\u00e9g, mindketten gyakorl\u00f3 autizmus szakos gy\u00f3gypedag\u00f3gusok, \u00e9s l\u00e1nyunk, N\u00f3ra, aki egyetemi hallgat\u00f3k\u00e9nt a friss lend\u00fcletet hozta a fejleszt\u00e9sbe. Amikor elkezdt\u00fck a\u2026","rel":"","context":"Similar post","block_context":{"text":"Similar post","link":""},"img":{"alt_text":"","src":"https:\/\/i0.wp.com\/pampampam.hu\/wp-content\/uploads\/2021\/12\/Autista-kislany-bemutatja-a-szamolotabla-hasznalatat.jpg?resize=350%2C200&ssl=1","width":350,"height":200,"srcset":"https:\/\/i0.wp.com\/pampampam.hu\/wp-content\/uploads\/2021\/12\/Autista-kislany-bemutatja-a-szamolotabla-hasznalatat.jpg?resize=350%2C200&ssl=1 1x, https:\/\/i0.wp.com\/pampampam.hu\/wp-content\/uploads\/2021\/12\/Autista-kislany-bemutatja-a-szamolotabla-hasznalatat.jpg?resize=525%2C300&ssl=1 1.5x, https:\/\/i0.wp.com\/pampampam.hu\/wp-content\/uploads\/2021\/12\/Autista-kislany-bemutatja-a-szamolotabla-hasznalatat.jpg?resize=700%2C400&ssl=1 2x"},"classes":[]},{"id":16598406,"url":"https:\/\/pampampam.hu\/en\/contact\/","url_meta":{"origin":16600760,"position":2},"title":"Contact","author":"Nora=Marti+Robi","date":"2023.06.09.","format":false,"excerpt":"Kapcsolat Pam pam pam Facebook Ny\u00edrb\u00e1tor, Magyarorsz\u00e1g","rel":"","context":"Similar post","block_context":{"text":"Similar post","link":""},"img":{"alt_text":"","src":"","width":0,"height":0},"classes":[]},{"id":16597408,"url":"https:\/\/pampampam.hu\/en\/blog\/","url_meta":{"origin":16600760,"position":3},"title":"Blog","author":"Nora=Marti+Robi","date":"2022.10.23.","format":false,"excerpt":"Logika, Verseny \u00e9s Fejleszt\u00e9s Hogyan m\u0171k\u00f6dik egy autizmus bar\u00e1t j\u00e1t\u00e9k a gyakorlatban?Vizu\u00e1lis seg\u00edts\u00e9gek, struktur\u00e1lt szab\u00e1lyok \u00e9s pedag\u00f3giai tan\u00e1csok sz\u00fcl\u0151knek. J\u00e1t\u00e9k felfedez\u00e9seFedezd fel a leg\u00fajabb t\u00e1rsasj\u00e1t\u00e9k kieg\u00e9sz\u00edt\u0151k list\u00e1j\u00e1t!","rel":"","context":"Similar post","block_context":{"text":"Similar post","link":""},"img":{"alt_text":"","src":"","width":0,"height":0},"classes":[]}],"_links":{"self":[{"href":"https:\/\/pampampam.hu\/en\/wp-json\/wp\/v2\/pages\/16600760","targetHints":{"allow":["GET"]}}],"collection":[{"href":"https:\/\/pampampam.hu\/en\/wp-json\/wp\/v2\/pages"}],"about":[{"href":"https:\/\/pampampam.hu\/en\/wp-json\/wp\/v2\/types\/page"}],"author":[{"embeddable":true,"href":"https:\/\/pampampam.hu\/en\/wp-json\/wp\/v2\/users\/206743866"}],"replies":[{"embeddable":true,"href":"https:\/\/pampampam.hu\/en\/wp-json\/wp\/v2\/comments?post=16600760"}],"version-history":[{"count":44,"href":"https:\/\/pampampam.hu\/en\/wp-json\/wp\/v2\/pages\/16600760\/revisions"}],"predecessor-version":[{"id":16601250,"href":"https:\/\/pampampam.hu\/en\/wp-json\/wp\/v2\/pages\/16600760\/revisions\/16601250"}],"wp:attachment":[{"href":"https:\/\/pampampam.hu\/en\/wp-json\/wp\/v2\/media?parent=16600760"}],"curies":[{"name":"wp","href":"https:\/\/api.w.org\/{rel}","templated":true}]}}